{"id":2719,"date":"2023-05-25T15:43:09","date_gmt":"2023-05-25T12:43:09","guid":{"rendered":"https:\/\/intercomgroup.bg\/product\/armaturna-stomana\/"},"modified":"2023-07-06T00:42:06","modified_gmt":"2023-07-05T21:42:06","slug":"rebar-steel","status":"publish","type":"product","link":"https:\/\/intercomgroup.bg\/en\/products\/rebar-steel\/","title":{"rendered":"Rebar Steel"},"content":{"rendered":"<p><section id=\"bt_section69e0ebcd00412\"  class=\"boldSection topExtraSmallSpaced bottomSmallSpaced gutter boxed inherit\" ><div class=\"port\"><div class=\"boldCell\"><div class=\"boldCellInner\"><div class=\"boldRow \" ><div class=\"boldRowInner\"><div class=\"rowItem col-md-6 col-sm-12 btTextLeft\"  data-width=\"6\"><div class=\"rowItemContent\" ><div class=\"btClear btSeparator topSmallSpaced bottomSmallSpaced noBorder\" ><hr><\/div><header class=\"header btClear medium btDash bottomDash  regular\" ><div class=\"dash\"><h3><span class=\"headline\">Rebar Steel<\/span><\/h3><\/div><\/header><div class=\"btText\" ><\/p>\n<p>Intercom Group trades with variety of shapes and dimensions of rebar steel. We keep on stock bars and and coils and can supply all common steel grades.<\/p>\n<p>\n<\/div><\/div><\/div><div class=\"rowItem col-md-6 col-sm-12 btTextLeft\"  data-width=\"6\"><div class=\"rowItemContent\" ><div class=\"btClear btSeparator topSmallSpaced bottomSmallSpaced noBorder\" ><hr><\/div><div class=\"bpgPhoto btDefaultHoverType\" ><div class = \"btImage\"><img decoding=\"async\" src=\"https:\/\/intercomgroup.bg\/wp-content\/uploads\/2023\/05\/armaturna-stomana-product-image.jpg\" alt=\"\" title=\"\"><\/div><\/div><div class=\"btClear btSeparator topSmallSpaced bottomSmallSpaced noBorder\" ><hr><\/div><\/div><\/div><\/div><\/div><\/div><\/div><\/div><\/section><section id=\"bt_section69e0ebcd00bdb\"  class=\"boldSection bottomSemiSpaced gutter boxed inherit\" ><div class=\"port\"><div class=\"boldCell\"><div class=\"boldCellInner\"><div class=\"boldRow \" ><div class=\"boldRowInner\"><div class=\"rowItem col-md-12 col-ms-12  btTextCenter inherit\"  data-width=\"12\"><div class=\"rowItemContent\" ><a href=\"https:\/\/intercomgroup.bg\/en\/calculator-for-reinforcing-steel\/\" class=\"btBtn btBtn btnOutlineStyle btnNormalColor btnSmall btnNormalWidth btnLeftPosition btnIco\"  target=\"_blank\"><span class=\"btnInnerText\">Use our calculator to calculate the required amount of metal<\/span><span class=\"btIco \"><span  data-ico-fa=\"&#xf054;\" class=\"btIcoHolder\"><\/span><\/span><\/a><\/div><\/div><\/div><\/div><\/div><\/div><\/div><\/section><section id=\"bt_section69e0ebcd00dc1\"  class=\"boldSection gutter \" ><div class=\"port\"><div class=\"boldCell\"><div class=\"boldCellInner\"><div class=\"boldRow \" ><div class=\"boldRowInner\"><div class=\"rowItem col-md-12 col-ms-12  btTextCenter inherit\"  data-width=\"12\"><div class=\"rowItemContent\" ><header class=\"header btClear medium btDash bottomDash  regular\" ><div class=\"dash\"><h3><span class=\"headline\">Additional Info<\/span><\/h3><\/div><\/header><\/div><\/div><\/div><\/div><\/div><\/div><\/div><\/section><section id=\"bt_section69e0ebcd00f67\"  class=\"boldSection topSmallSpaced bottomSmallSpaced gutter boxed inherit\" ><div class=\"port\"><div class=\"boldCell\"><div class=\"boldCellInner\"><div class=\"boldRow \" ><div class=\"boldRowInner\"><div class=\"rowItem col-md-12 col-ms-12  btTextCenter inherit\"  data-width=\"12\"><div class=\"rowItemContent\" ><div class=\"btTabs tabsHorizontal\"><ul class=\"tabsHeader\"><li><span>Technical Data:<\/span><\/li><li><span>Inquiry:<\/span><\/li><\/ul><div class=\"tabPanes tabPanesTabs\"><div class=\"tabPane\">\n\t\t\t<div class=\"tabAccordionContent\"><div class=\"boldRow \" ><div class=\"boldRowInner\"><div class=\"rowItem rowInnerItem col-sm-12  btTextLeft\"  ><div class=\"rowItemContent\"><div class=\"btClear btSeparator topExtraSmallSpaced bottomExtraSmallSpaced noBorder\" ><hr><\/div><div class=\"btText\" >\n<div class=\"wpdt-c row wpDataTableContainerSimpleTable wpDataTables wpDataTablesWrapper\n\"\n    >\n        <table id=\"wpdtSimpleTable-55\"\n           style=\"border-collapse:collapse;\n                   border-spacing:0px;\"\n           class=\"wpdtSimpleTable wpDataTable\"\n           data-column=\"2\"\n           data-rows=\"5\"\n           data-wpID=\"55\"\n           data-responsive=\"0\"\n           data-has-header=\"0\">\n\n                    <tbody>        <tr class=\"wpdt-cell-row \" >\n                                <td class=\"wpdt-cell wpdt-bc-005CA1 wpdt-tc-FFFFFF wpdt-bold wpdt-merged-cell \"\n                     colspan=\"2\"  rowspan=\"1\"                     data-cell-id=\"A1\"\n                    data-col-index=\"0\"\n                    data-row-index=\"0\"\n                    style=\" width:54.798331015299%;                    padding:10px;\n                    \"\n                    >\n                                        Rebar steel and coils                    <\/td>\n                                                    <\/tr>\n                            <tr class=\"wpdt-cell-row \" >\n                                <td class=\"wpdt-cell \"\n                                            data-cell-id=\"A2\"\n                    data-col-index=\"0\"\n                    data-row-index=\"1\"\n                    style=\"                    padding:10px;\n                    \"\n                    >\n                                        Steel grade                    <\/td>\n                                                <td class=\"wpdt-cell \"\n                                            data-cell-id=\"B2\"\n                    data-col-index=\"1\"\n                    data-row-index=\"1\"\n                    style=\"                    padding:10px;\n                    \"\n                    >\n                                        \u0411\u0414\u0421 9252 B500B; DIN 488\/BSt 500 s                    <\/td>\n                                        <\/tr>\n                            <tr class=\"wpdt-cell-row \" >\n                                <td class=\"wpdt-cell wpdt-bc-F2F2F2\"\n                                            data-cell-id=\"A3\"\n                    data-col-index=\"0\"\n                    data-row-index=\"2\"\n                    style=\"                    padding:10px;\n                    \"\n                    >\n                                        Round bar                    <\/td>\n                                                <td class=\"wpdt-cell wpdt-bc-F2F2F2\"\n                                            data-cell-id=\"B3\"\n                    data-col-index=\"1\"\n                    data-row-index=\"2\"\n                    style=\"                    padding:10px;\n                    \"\n                    >\n                                        \u00d8 5, \u00d8 5.5, \u00d8 6, \u00d8 6.5, \u00d8 8, \u00d8 10                    <\/td>\n                                        <\/tr>\n                            <tr class=\"wpdt-cell-row \" >\n                                <td class=\"wpdt-cell \"\n                                            data-cell-id=\"A4\"\n                    data-col-index=\"0\"\n                    data-row-index=\"3\"\n                    style=\"                    padding:10px;\n                    \"\n                    >\n                                        Deformed bar                    <\/td>\n                                                <td class=\"wpdt-cell \"\n                                            data-cell-id=\"B4\"\n                    data-col-index=\"1\"\n                    data-row-index=\"3\"\n                    style=\"                    padding:10px;\n                    \"\n                    >\n                                        from \u2116 8 to \u2116 32, lenght 12 m.                    <\/td>\n                                        <\/tr>\n                            <tr class=\"wpdt-cell-row \" >\n                                <td class=\"wpdt-cell wpdt-bc-F2F2F2\"\n                                            data-cell-id=\"A5\"\n                    data-col-index=\"0\"\n                    data-row-index=\"4\"\n                    style=\"                    padding:10px;\n                    \"\n                    >\n                                        Deformed bar coil                    <\/td>\n                                                <td class=\"wpdt-cell wpdt-bc-F2F2F2\"\n                                            data-cell-id=\"B5\"\n                    data-col-index=\"1\"\n                    data-row-index=\"4\"\n                    style=\"                    padding:10px;\n                    \"\n                    >\n                                        from \u2116 6 to \u2116 16                    <\/td>\n                                        <\/tr>\n                    <\/table>\n<\/div><style id='wpdt-custom-style-55'>\n.wpdt-bc-005CA1 { background-color: #005CA1 !important;}\n.wpdt-tc-FFFFFF { color: #FFFFFF !important;}\n.wpdt-bc-F2F2F2 { background-color: #F2F2F2 !important;}\n<\/style>\n<\/div><div class=\"btClear btSeparator topExtraSmallSpaced bottomExtraSmallSpaced noBorder\" ><hr><\/div><\/div><\/div><\/div><\/div><\/div>\n\t\t<\/div><div class=\"tabPane\">\n\t\t\t<div class=\"tabAccordionContent\"><div class=\"boldRow \" ><div class=\"boldRowInner\"><div class=\"rowItem rowInnerItem col-sm-6  btTextLeft\"  ><div class=\"rowItemContent\"><div class=\"btText\" ><div class=\"forminator-ui forminator-custom-form forminator-custom-form-2249 forminator-design--flat  forminator_ajax\" data-forminator-render=\"0\" data-form=\"forminator-module-2249\" data-uid=\"69e0ebcd026bb\"><br\/><\/div><form\n\t\t\t\tid=\"forminator-module-2249\"\n\t\t\t\tclass=\"forminator-ui forminator-custom-form forminator-custom-form-2249 forminator-design--flat  forminator_ajax\"\n\t\t\t\tmethod=\"post\"\n\t\t\t\tdata-forminator-render=\"0\"\n\t\t\t\tdata-form-id=\"2249\"\n\t\t\t\t data-color-option=\"default\" data-design=\"flat\" data-grid=\"open\" style=\"display: none;\"\n\t\t\t\tdata-uid=\"69e0ebcd026bb\"\n\t\t\t><div role=\"alert\" aria-live=\"polite\" class=\"forminator-response-message forminator-error\" aria-hidden=\"true\"><\/div><div class=\"forminator-row\"><div id=\"text-1\" class=\"forminator-field-text forminator-col forminator-col-6 \"><div class=\"forminator-field\"><input type=\"text\" name=\"text-1\" value=\"\" placeholder=\"Name\" id=\"forminator-field-text-1_69e0ebcd026bb\" class=\"forminator-input forminator-name--field\" data-required=\"\" \/><\/div><\/div><div id=\"text-4\" class=\"forminator-field-text forminator-col forminator-col-6 \"><div class=\"forminator-field\"><input type=\"text\" name=\"text-4\" value=\"\" placeholder=\"Surname\" id=\"forminator-field-text-4_69e0ebcd026bb\" class=\"forminator-input forminator-name--field\" data-required=\"\" \/><\/div><\/div><\/div><div class=\"forminator-row\"><div id=\"text-2\" class=\"forminator-field-text forminator-col forminator-col-6 \"><div class=\"forminator-field\"><input type=\"text\" name=\"text-2\" value=\"\" placeholder=\"Company\" id=\"forminator-field-text-2_69e0ebcd026bb\" class=\"forminator-input forminator-name--field\" data-required=\"\" \/><\/div><\/div><div id=\"text-3\" class=\"forminator-field-text forminator-col forminator-col-6 \"><div class=\"forminator-field\"><input type=\"text\" name=\"text-3\" value=\"\" placeholder=\"City\" id=\"forminator-field-text-3_69e0ebcd026bb\" class=\"forminator-input forminator-name--field\" data-required=\"\" \/><\/div><\/div><\/div><div class=\"forminator-row\"><div id=\"phone-1\" class=\"forminator-field-phone forminator-col forminator-col-6 \"><div class=\"forminator-field\"><input type=\"text\" name=\"phone-1\" value=\"\" placeholder=\"Phone\" id=\"forminator-field-phone-1_69e0ebcd026bb\" class=\"forminator-input forminator-field--phone\" data-required=\"1\" aria-required=\"true\" autocomplete=\"off\" data-validation=\"1\" \/><\/div><\/div><div id=\"email-1\" class=\"forminator-field-email forminator-col forminator-col-6 \"><div class=\"forminator-field\"><input type=\"email\" name=\"email-1\" value=\"\" placeholder=\"Email\" id=\"forminator-field-email-1_69e0ebcd026bb\" class=\"forminator-input forminator-email--field\" data-required=\"true\" aria-required=\"true\" autocomplete=\"email\" \/><\/div><\/div><\/div><div class=\"forminator-row\"><div id=\"textarea-1\" class=\"forminator-field-textarea forminator-col forminator-col-12 \"><div class=\"forminator-field\"><textarea name=\"textarea-1\" placeholder=\"Inquiry\" id=\"forminator-field-textarea-1_69e0ebcd026bb\" class=\"forminator-textarea\" rows=\"6\" style=\"min-height:140px;\" maxlength=\"180\" ><\/textarea><span id=\"forminator-field-textarea-1_69e0ebcd026bb-description\" class=\"forminator-description\"><span data-limit=\"180\" data-type=\"characters\" data-editor=\"\">0 \/ 180<\/span><\/span><\/div><\/div><\/div><input type=\"hidden\" name=\"referer_url\" value=\"\" \/><div class=\"forminator-row forminator-row-last\"><div class=\"forminator-col\"><div class=\"forminator-field\"><button class=\"forminator-button forminator-button-submit\">Submit<\/button><\/div><\/div><\/div><input type=\"hidden\" id=\"forminator_nonce\" name=\"forminator_nonce\" value=\"c758913900\" \/><input type=\"hidden\" name=\"_wp_http_referer\" value=\"\/en\/wp-json\/wp\/v2\/product\/2719\" \/><input type=\"hidden\" name=\"form_id\" value=\"2249\"><input type=\"hidden\" name=\"page_id\" value=\"2719\"><input type=\"hidden\" name=\"form_type\" value=\"default\"><input type=\"hidden\" name=\"current_url\" value=\"https:\/\/intercomgroup.bg\/en\/products\/rebar-steel\/\"><input type=\"hidden\" name=\"render_id\" value=\"0\"><input type=\"hidden\" name=\"action\" value=\"forminator_submit_form_custom-forms\"><\/form><\/div><\/div><\/div><div class=\"rowItem rowInnerItem col-sm-6  btTextLeft\"  ><div class=\"rowItemContent\"><div class=\"btText\" ><\/p>\n<div class=\"moduletable\">\n<h4>&#8220;Steel constructions and rebar fabrication&#8221;<\/h4>\n<h4>Department<\/h4>\n<div class=\"custom\">\n<p><span style=\"line-height: 1.3em;\">\u0415-mail: <a href=\"mailto:constructions@intercomgroup.bg\">constructions@intercomgroup.bg<\/a>\u00a0<\/span><\/p>\n<p>Dr. Eng. Kiril Kirilov, Production Director<\/p>\n<p><span style=\"line-height: 1.3em;\">\u0415-mail: <a href=\"mailto:kkirilov@intercomgroup.bg \">kkirilov@intercomgroup.bg <\/a>\u00a0<\/span><\/p>\n<p><span style=\"line-height: 1.3em;\">Phone: <a href=\"tel:+359 885 400 126\">+359 885 400 126<\/a>\u00a0<\/span><\/p>\n<p>Yancho Jordanov, Manager &#8220;Rebar Fabrications and Steel Constructions&#8221;<\/p>\n<p><span style=\"line-height: 1.3em;\">\u0415-mail: <a href=\"mailto:yjordanov@intercomgroup.bg\">yjordanov@intercomgroup.bg<\/a>\u00a0<\/span><\/p>\n<p><span style=\"line-height: 1.3em;\">Phone: <a href=\"tel:+359 887 367 896\">+359 887 367 896<\/a>\u00a0<\/span><\/p>\n<h4>Central<\/h4>\n<p><span style=\"line-height: 1.3em;\">\u0415-mail: <a href=\"mailto:office@intercomgroup.bg\">office@intercomgroup.bg<\/a>\u00a0<\/span><\/p>\n<p><span style=\"line-height: 1.3em;\">Phone: <a href=\"tel:0700 123 33\">0700 123 33<\/a>\u00a0<\/span><\/p>\n<\/div>\n<\/div>\n<p>\n<\/div><\/div><\/div><\/div><\/div><\/div>\n\t\t<\/div><\/div><\/div><\/div><\/div><\/div><\/div><\/div><\/div><\/div><\/section><\/p>\n","protected":false},"excerpt":{"rendered":"","protected":false},"featured_media":1955,"comment_status":"closed","ping_status":"closed","template":"","meta":{"inline_featured_image":false},"product_brand":[],"product_cat":[96],"product_tag":[],"class_list":{"0":"post-2719","1":"product","2":"type-product","3":"status-publish","4":"has-post-thumbnail","6":"product_cat-rebar-fabrications","8":"first","9":"instock","10":"shipping-taxable","11":"product-type-simple"},"_links":{"self":[{"href":"https:\/\/intercomgroup.bg\/en\/wp-json\/wp\/v2\/product\/2719","targetHints":{"allow":["GET"]}}],"collection":[{"href":"https:\/\/intercomgroup.bg\/en\/wp-json\/wp\/v2\/product"}],"about":[{"href":"https:\/\/intercomgroup.bg\/en\/wp-json\/wp\/v2\/types\/product"}],"replies":[{"embeddable":true,"href":"https:\/\/intercomgroup.bg\/en\/wp-json\/wp\/v2\/comments?post=2719"}],"wp:featuredmedia":[{"embeddable":true,"href":"https:\/\/intercomgroup.bg\/en\/wp-json\/wp\/v2\/media\/1955"}],"wp:attachment":[{"href":"https:\/\/intercomgroup.bg\/en\/wp-json\/wp\/v2\/media?parent=2719"}],"wp:term":[{"taxonomy":"product_brand","embeddable":true,"href":"https:\/\/intercomgroup.bg\/en\/wp-json\/wp\/v2\/product_brand?post=2719"},{"taxonomy":"product_cat","embeddable":true,"href":"https:\/\/intercomgroup.bg\/en\/wp-json\/wp\/v2\/product_cat?post=2719"},{"taxonomy":"product_tag","embeddable":true,"href":"https:\/\/intercomgroup.bg\/en\/wp-json\/wp\/v2\/product_tag?post=2719"}],"curies":[{"name":"wp","href":"https:\/\/api.w.org\/{rel}","templated":true}]}}